{"id":2082,"date":"2026-03-19T11:06:10","date_gmt":"2026-03-19T11:06:10","guid":{"rendered":"https:\/\/aridditive.com\/parc-tauli\/"},"modified":"2026-03-19T11:06:10","modified_gmt":"2026-03-19T11:06:10","slug":"parc-tauli","status":"publish","type":"page","link":"https:\/\/aridditive.com\/ca\/parc-tauli\/","title":{"rendered":"Parc Taul\u00ed"},"content":{"rendered":"\t\t<div data-elementor-type=\"wp-page\" data-elementor-id=\"2082\" class=\"elementor elementor-2082\" data-elementor-post-type=\"page\">\n\t\t\t\t<div class=\"elementor-element elementor-element-42e3cb0 e-flex e-con-boxed e-con e-parent\" data-id=\"42e3cb0\" data-element_type=\"container\" data-e-type=\"container\" data-settings=\"{&quot;background_background&quot;:&quot;classic&quot;}\">\n\t\t\t\t\t<div class=\"e-con-inner\">\n\t\t\t\t\t<\/div>\n\t\t\t\t<\/div>\n\t\t<div class=\"elementor-element elementor-element-99e00b8 e-grid e-con-boxed e-con e-parent\" data-id=\"99e00b8\" data-element_type=\"container\" data-e-type=\"container\">\n\t\t\t\t\t<div class=\"e-con-inner\">\n\t\t\t\t<div class=\"elementor-element elementor-element-358f86e elementor-widget__width-initial elementor-widget elementor-widget-text-editor\" data-id=\"358f86e\" data-element_type=\"widget\" data-e-type=\"widget\" data-widget_type=\"text-editor.default\">\n\t\t\t\t<div class=\"elementor-widget-container\">\n\t\t\t\t\t\t\t\t\t<p><strong>Cliente: BENITO<br \/><br \/><\/strong><strong>Ubicaci\u00f3n: Parc Taul\u00ed,\u00a0<span class=\"fMYBhe\">Sabadell, Barcelona<br \/><br \/>Estado: Ejecutado<br \/><\/span><\/strong><\/p><p><strong>A\u00f1o: 2025<\/strong><\/p><p><strong>Piezas impresas: 18<\/strong><\/p><p><strong>Duraci\u00f3n del proyecto: 4 d\u00edas<\/strong><\/p>\t\t\t\t\t\t\t\t<\/div>\n\t\t\t\t<\/div>\n\t\t\t\t<div class=\"elementor-element elementor-element-5051905 elementor-widget elementor-widget-text-editor\" data-id=\"5051905\" data-element_type=\"widget\" data-e-type=\"widget\" data-widget_type=\"text-editor.default\">\n\t\t\t\t<div class=\"elementor-widget-container\">\n\t\t\t\t\t\t\t\t\t<p data-start=\"195\" data-end=\"524\">La intervenci\u00f3n en el Parc Taul\u00ed, en Sabadell, consiste en la incorporaci\u00f3n de letras corp\u00f3reas que configuran el nombre del lugar como elemento de identidad y referencia urbana. Situadas en un entorno de uso intensivo, las piezas act\u00faan no solo como se\u00f1alizaci\u00f3n, sino como un punto de reconocimiento dentro del espacio p\u00fablico.<\/p><p data-start=\"526\" data-end=\"840\">La materializaci\u00f3n mediante impresi\u00f3n 3D permite dotar a las letras de una presencia contempor\u00e1nea, precisa y homog\u00e9nea, que dialoga con el entorno hospitalario desde una l\u00f3gica clara y legible. El conjunto refuerza la visibilidad del lugar, aportando una nueva capa de comunicaci\u00f3n urbana integrada en el paisaje.<\/p>\t\t\t\t\t\t\t\t<\/div>\n\t\t\t\t<\/div>\n\t\t\t\t\t<\/div>\n\t\t\t\t<\/div>\n\t\t<div class=\"elementor-element elementor-element-4e53a0a e-flex e-con-boxed e-con e-parent\" data-id=\"4e53a0a\" data-element_type=\"container\" data-e-type=\"container\">\n\t\t\t\t\t<div class=\"e-con-inner\">\n\t\t\t\t<div class=\"elementor-element elementor-element-b68d49a elementor-widget__width-inherit elementor-arrows-position-inside elementor-pagination-position-outside elementor-widget elementor-widget-image-carousel\" data-id=\"b68d49a\" data-element_type=\"widget\" data-e-type=\"widget\" data-settings=\"{&quot;slides_to_show&quot;:&quot;1&quot;,&quot;navigation&quot;:&quot;both&quot;,&quot;autoplay&quot;:&quot;yes&quot;,&quot;pause_on_hover&quot;:&quot;yes&quot;,&quot;pause_on_interaction&quot;:&quot;yes&quot;,&quot;autoplay_speed&quot;:5000,&quot;infinite&quot;:&quot;yes&quot;,&quot;effect&quot;:&quot;slide&quot;,&quot;speed&quot;:500}\" data-widget_type=\"image-carousel.default\">\n\t\t\t\t<div class=\"elementor-widget-container\">\n\t\t\t\t\t\t\t<div class=\"elementor-image-carousel-wrapper swiper\" role=\"region\" aria-roledescription=\"carousel\" aria-label=\"Carrusel de im\u00e1genes\" dir=\"ltr\">\n\t\t\t<div class=\"elementor-image-carousel swiper-wrapper swiper-image-stretch\" aria-live=\"off\">\n\t\t\t\t\t\t\t\t<div class=\"swiper-slide\" role=\"group\" aria-roledescription=\"slide\" aria-label=\"1 de 2\"><figure class=\"swiper-slide-inner\"><img decoding=\"async\" class=\"swiper-slide-image\" src=\"https:\/\/aridditive.com\/wp-content\/uploads\/2026\/03\/IMG-20251113-WA0009-1536x1152.jpg\" alt=\"IMG-20251113-WA0009\" \/><\/figure><\/div><div class=\"swiper-slide\" role=\"group\" aria-roledescription=\"slide\" aria-label=\"2 de 2\"><figure class=\"swiper-slide-inner\"><img decoding=\"async\" class=\"swiper-slide-image\" src=\"https:\/\/aridditive.com\/wp-content\/uploads\/2026\/03\/IMG-20251113-WA0011-1536x1156.jpg\" alt=\"IMG-20251113-WA0011\" \/><\/figure><\/div>\t\t\t<\/div>\n\t\t\t\t\t\t\t\t\t\t\t\t<div class=\"elementor-swiper-button elementor-swiper-button-prev\" role=\"button\" tabindex=\"0\">\n\t\t\t\t\t\t<svg aria-hidden=\"true\" class=\"e-font-icon-svg e-eicon-chevron-left\" viewBox=\"0 0 1000 1000\" xmlns=\"http:\/\/www.w3.org\/2000\/svg\"><path d=\"M646 125C629 125 613 133 604 142L308 442C296 454 292 471 292 487 292 504 296 521 308 533L604 854C617 867 629 875 646 875 663 875 679 871 692 858 704 846 713 829 713 812 713 796 708 779 692 767L438 487 692 225C700 217 708 204 708 187 708 171 704 154 692 142 675 129 663 125 646 125Z\"><\/path><\/svg>\t\t\t\t\t<\/div>\n\t\t\t\t\t<div class=\"elementor-swiper-button elementor-swiper-button-next\" role=\"button\" tabindex=\"0\">\n\t\t\t\t\t\t<svg aria-hidden=\"true\" class=\"e-font-icon-svg e-eicon-chevron-right\" viewBox=\"0 0 1000 1000\" xmlns=\"http:\/\/www.w3.org\/2000\/svg\"><path d=\"M696 533C708 521 713 504 713 487 713 471 708 454 696 446L400 146C388 133 375 125 354 125 338 125 325 129 313 142 300 154 292 171 292 187 292 204 296 221 308 233L563 492 304 771C292 783 288 800 288 817 288 833 296 850 308 863 321 871 338 875 354 875 371 875 388 867 400 854L696 533Z\"><\/path><\/svg>\t\t\t\t\t<\/div>\n\t\t\t\t\n\t\t\t\t\t\t\t\t\t<div class=\"swiper-pagination\"><\/div>\n\t\t\t\t\t\t\t\t\t<\/div>\n\t\t\t\t\t\t<\/div>\n\t\t\t\t<\/div>\n\t\t\t\t\t<\/div>\n\t\t\t\t<\/div>\n\t\t<div class=\"elementor-element elementor-element-a935839 e-flex e-con-boxed e-con e-parent\" data-id=\"a935839\" data-element_type=\"container\" data-e-type=\"container\">\n\t\t\t\t\t<div class=\"e-con-inner\">\n\t\t\t\t<div class=\"elementor-element elementor-element-4fd373d elementor-widget elementor-widget-text-editor\" data-id=\"4fd373d\" data-element_type=\"widget\" data-e-type=\"widget\" data-widget_type=\"text-editor.default\">\n\t\t\t\t<div class=\"elementor-widget-container\">\n\t\t\t\t\t\t\t\t\t<p data-start=\"900\" data-end=\"1211\">Cada letra se resuelve como un elemento aut\u00f3nomo, impreso en 3D y asociado a una base espec\u00edfica con armadura met\u00e1lica, dise\u00f1ada para su anclaje al terreno mediante un sistema equivalente a una cimentaci\u00f3n tradicional. Este enfoque garantiza estabilidad, durabilidad y precisi\u00f3n en la implantaci\u00f3n del conjunto.<\/p><p data-start=\"1213\" data-end=\"1524\">Las piezas se completan en f\u00e1brica mediante su relleno estructural, optimizando los tiempos de montaje en obra y asegurando un control riguroso del proceso constructivo. Posteriormente, se transportan e instalan como unidades terminadas, reduciendo la intervenci\u00f3n in situ y facilitando una ejecuci\u00f3n eficiente.<\/p><p data-start=\"1526\" data-end=\"1738\">El resultado es un sistema constructivo que combina tecnolog\u00eda avanzada y soluciones tradicionales de anclaje, permitiendo trasladar la fabricaci\u00f3n digital a una aplicaci\u00f3n robusta y fiable en el espacio p\u00fablico.<\/p>\t\t\t\t\t\t\t\t<\/div>\n\t\t\t\t<\/div>\n\t\t\t\t\t<\/div>\n\t\t\t\t<\/div>\n\t\t<div class=\"elementor-element elementor-element-0bf458c e-flex e-con-boxed e-con e-parent\" data-id=\"0bf458c\" data-element_type=\"container\" data-e-type=\"container\">\n\t\t\t\t\t<div class=\"e-con-inner\">\n\t\t\t\t<div class=\"elementor-element elementor-element-fe2396e elementor-widget elementor-widget-google_maps\" data-id=\"fe2396e\" data-element_type=\"widget\" data-e-type=\"widget\" data-widget_type=\"google_maps.default\">\n\t\t\t\t<div class=\"elementor-widget-container\">\n\t\t\t\t\t\t\t<div class=\"elementor-custom-embed\">\n\t\t\t<iframe loading=\"lazy\"\n\t\t\t\t\tsrc=\"https:\/\/maps.google.com\/maps?q=parc%20tauli&#038;t=m&#038;z=11&#038;output=embed&#038;iwloc=near\"\n\t\t\t\t\ttitle=\"parc tauli\"\n\t\t\t\t\taria-label=\"parc tauli\"\n\t\t\t><\/iframe>\n\t\t<\/div>\n\t\t\t\t\t\t<\/div>\n\t\t\t\t<\/div>\n\t\t\t\t\t<\/div>\n\t\t\t\t<\/div>\n\t\t<div class=\"elementor-element elementor-element-10b183aa e-flex e-con-boxed e-con e-parent\" data-id=\"10b183aa\" data-element_type=\"container\" data-e-type=\"container\" data-settings=\"{&quot;background_background&quot;:&quot;gradient&quot;}\">\n\t\t\t\t\t<div class=\"e-con-inner\">\n\t\t<div class=\"elementor-element elementor-element-17948c3f e-con-full e-flex e-con e-child\" data-id=\"17948c3f\" data-element_type=\"container\" data-e-type=\"container\">\n\t\t\t\t<div class=\"elementor-element elementor-element-7b797ea5 elementor-widget elementor-widget-text-editor\" data-id=\"7b797ea5\" data-element_type=\"widget\" data-e-type=\"widget\" data-widget_type=\"text-editor.default\">\n\t\t\t\t<div class=\"elementor-widget-container\">\n\t\t\t\t\t\t\t\t\t<p>Si quieres desarrollar proyectos en impresi\u00f3n 3D en hormig\u00f3n, cont\u00e1ctanos para conocer nuestras opciones y beneficios<\/p>\t\t\t\t\t\t\t\t<\/div>\n\t\t\t\t<\/div>\n\t\t\t\t<\/div>\n\t\t\t\t<div class=\"elementor-element elementor-element-372e6241 elementor-widget elementor-widget-button\" data-id=\"372e6241\" data-element_type=\"widget\" data-e-type=\"widget\" data-widget_type=\"button.default\">\n\t\t\t\t<div class=\"elementor-widget-container\">\n\t\t\t\t\t\t\t\t\t<div class=\"elementor-button-wrapper\">\n\t\t\t\t\t<a class=\"elementor-button elementor-button-link elementor-size-sm\" href=\"https:\/\/aridditive.com\/contacto\/\">\n\t\t\t\t\t\t<span class=\"elementor-button-content-wrapper\">\n\t\t\t\t\t\t\t\t\t<span class=\"elementor-button-text\">Contactanos<\/span>\n\t\t\t\t\t<\/span>\n\t\t\t\t\t<\/a>\n\t\t\t\t<\/div>\n\t\t\t\t\t\t\t\t<\/div>\n\t\t\t\t<\/div>\n\t\t\t\t\t<\/div>\n\t\t\t\t<\/div>\n\t\t\t\t<\/div>\n\t\t","protected":false},"excerpt":{"rendered":"<p>Client: BENITO Ubicaci\u00f3: Parc Taul\u00ed, Sabadell, Barcelona Estat: Executat Any: 2025 Peces impreses: 18 Durada del projecte: 4 dies La intervenci\u00f3 al Parc Taul\u00ed, a Sabadell, consisteix a incorporar lletres corp\u00f2ries que configuren el nom del lloc com a element d&#8217;identitat i refer\u00e8ncia urbana. Situades en un entorn d&#8217;\u00fas intensiu, les peces no nom\u00e9s actuen [&hellip;]<\/p>\n","protected":false},"author":3,"featured_media":0,"parent":0,"menu_order":0,"comment_status":"closed","ping_status":"closed","template":"","meta":{"footnotes":""},"class_list":["post-2082","page","type-page","status-publish","hentry"],"yoast_head":"<!-- This site is optimized with the Yoast SEO plugin v27.3 - https:\/\/yoast.com\/product\/yoast-seo-wordpress\/ -->\n<title>Parc Taul\u00ed - Aridditive<\/title>\n<meta name=\"description\" content=\"Impressi\u00f3 3D per a arquitectes: dissenya sense l\u00edmits, redueix costos i crea materials sostenibles amb la nostra tecnologia.\" \/>\n<meta name=\"robots\" content=\"index, follow, max-snippet:-1, max-image-preview:large, max-video-preview:-1\" \/>\n<link rel=\"canonical\" href=\"https:\/\/aridditive.com\/ca\/parc-tauli\/\" \/>\n<meta property=\"og:locale\" content=\"ca_ES\" \/>\n<meta property=\"og:type\" content=\"article\" \/>\n<meta property=\"og:title\" content=\"Parc Taul\u00ed - Aridditive\" \/>\n<meta property=\"og:description\" content=\"Impressi\u00f3 3D per a arquitectes: dissenya sense l\u00edmits, redueix costos i crea materials sostenibles amb la nostra tecnologia.\" \/>\n<meta property=\"og:url\" content=\"https:\/\/aridditive.com\/ca\/parc-tauli\/\" \/>\n<meta property=\"og:site_name\" content=\"Aridditive\" \/>\n<meta property=\"og:image\" content=\"https:\/\/aridditive.com\/wp-content\/uploads\/2026\/03\/IMG-20251113-WA0009-1536x1152.jpg\" \/>\n<meta name=\"twitter:card\" content=\"summary_large_image\" \/>\n<meta name=\"twitter:label1\" content=\"Temps estimat de lectura\" \/>\n\t<meta name=\"twitter:data1\" content=\"1 minut\" \/>\n<script type=\"application\/ld+json\" class=\"yoast-schema-graph\">{\"@context\":\"https:\\\/\\\/schema.org\",\"@graph\":[{\"@type\":\"WebPage\",\"@id\":\"https:\\\/\\\/aridditive.com\\\/ca\\\/parc-tauli\\\/\",\"url\":\"https:\\\/\\\/aridditive.com\\\/ca\\\/parc-tauli\\\/\",\"name\":\"Parc Taul\u00ed - Aridditive\",\"isPartOf\":{\"@id\":\"https:\\\/\\\/aridditive.com\\\/ca\\\/#website\"},\"primaryImageOfPage\":{\"@id\":\"https:\\\/\\\/aridditive.com\\\/ca\\\/parc-tauli\\\/#primaryimage\"},\"image\":{\"@id\":\"https:\\\/\\\/aridditive.com\\\/ca\\\/parc-tauli\\\/#primaryimage\"},\"thumbnailUrl\":\"https:\\\/\\\/aridditive.com\\\/wp-content\\\/uploads\\\/2026\\\/03\\\/IMG-20251113-WA0009-1536x1152.jpg\",\"datePublished\":\"2026-03-19T11:06:10+00:00\",\"description\":\"Impressi\u00f3 3D per a arquitectes: dissenya sense l\u00edmits, redueix costos i crea materials sostenibles amb la nostra tecnologia.\",\"breadcrumb\":{\"@id\":\"https:\\\/\\\/aridditive.com\\\/ca\\\/parc-tauli\\\/#breadcrumb\"},\"inLanguage\":\"ca\",\"potentialAction\":[{\"@type\":\"ReadAction\",\"target\":[\"https:\\\/\\\/aridditive.com\\\/ca\\\/parc-tauli\\\/\"]}]},{\"@type\":\"ImageObject\",\"inLanguage\":\"ca\",\"@id\":\"https:\\\/\\\/aridditive.com\\\/ca\\\/parc-tauli\\\/#primaryimage\",\"url\":\"https:\\\/\\\/aridditive.com\\\/wp-content\\\/uploads\\\/2026\\\/03\\\/IMG-20251113-WA0009-1536x1152.jpg\",\"contentUrl\":\"https:\\\/\\\/aridditive.com\\\/wp-content\\\/uploads\\\/2026\\\/03\\\/IMG-20251113-WA0009-1536x1152.jpg\"},{\"@type\":\"BreadcrumbList\",\"@id\":\"https:\\\/\\\/aridditive.com\\\/ca\\\/parc-tauli\\\/#breadcrumb\",\"itemListElement\":[{\"@type\":\"ListItem\",\"position\":1,\"name\":\"Portada\",\"item\":\"https:\\\/\\\/aridditive.com\\\/ca\\\/home\\\/\"},{\"@type\":\"ListItem\",\"position\":2,\"name\":\"Parc Taul\u00ed\"}]},{\"@type\":\"WebSite\",\"@id\":\"https:\\\/\\\/aridditive.com\\\/ca\\\/#website\",\"url\":\"https:\\\/\\\/aridditive.com\\\/ca\\\/\",\"name\":\"Aridditive\",\"description\":\"\",\"publisher\":{\"@id\":\"https:\\\/\\\/aridditive.com\\\/ca\\\/#organization\"},\"potentialAction\":[{\"@type\":\"SearchAction\",\"target\":{\"@type\":\"EntryPoint\",\"urlTemplate\":\"https:\\\/\\\/aridditive.com\\\/ca\\\/?s={search_term_string}\"},\"query-input\":{\"@type\":\"PropertyValueSpecification\",\"valueRequired\":true,\"valueName\":\"search_term_string\"}}],\"inLanguage\":\"ca\"},{\"@type\":\"Organization\",\"@id\":\"https:\\\/\\\/aridditive.com\\\/ca\\\/#organization\",\"name\":\"Aridditive\",\"url\":\"https:\\\/\\\/aridditive.com\\\/ca\\\/\",\"logo\":{\"@type\":\"ImageObject\",\"inLanguage\":\"ca\",\"@id\":\"https:\\\/\\\/aridditive.com\\\/ca\\\/#\\\/schema\\\/logo\\\/image\\\/\",\"url\":\"https:\\\/\\\/aridditive.com\\\/wp-content\\\/uploads\\\/2025\\\/03\\\/Logo_Aridditive_PNG.png\",\"contentUrl\":\"https:\\\/\\\/aridditive.com\\\/wp-content\\\/uploads\\\/2025\\\/03\\\/Logo_Aridditive_PNG.png\",\"width\":572,\"height\":217,\"caption\":\"Aridditive\"},\"image\":{\"@id\":\"https:\\\/\\\/aridditive.com\\\/ca\\\/#\\\/schema\\\/logo\\\/image\\\/\"}}]}<\/script>\n<!-- \/ Yoast SEO plugin. -->","yoast_head_json":{"title":"Parc Taul\u00ed - Aridditive","description":"Impressi\u00f3 3D per a arquitectes: dissenya sense l\u00edmits, redueix costos i crea materials sostenibles amb la nostra tecnologia.","robots":{"index":"index","follow":"follow","max-snippet":"max-snippet:-1","max-image-preview":"max-image-preview:large","max-video-preview":"max-video-preview:-1"},"canonical":"https:\/\/aridditive.com\/ca\/parc-tauli\/","og_locale":"ca_ES","og_type":"article","og_title":"Parc Taul\u00ed - Aridditive","og_description":"Impressi\u00f3 3D per a arquitectes: dissenya sense l\u00edmits, redueix costos i crea materials sostenibles amb la nostra tecnologia.","og_url":"https:\/\/aridditive.com\/ca\/parc-tauli\/","og_site_name":"Aridditive","og_image":[{"url":"https:\/\/aridditive.com\/wp-content\/uploads\/2026\/03\/IMG-20251113-WA0009-1536x1152.jpg","type":"","width":"","height":""}],"twitter_card":"summary_large_image","twitter_misc":{"Temps estimat de lectura":"1 minut"},"schema":{"@context":"https:\/\/schema.org","@graph":[{"@type":"WebPage","@id":"https:\/\/aridditive.com\/ca\/parc-tauli\/","url":"https:\/\/aridditive.com\/ca\/parc-tauli\/","name":"Parc Taul\u00ed - Aridditive","isPartOf":{"@id":"https:\/\/aridditive.com\/ca\/#website"},"primaryImageOfPage":{"@id":"https:\/\/aridditive.com\/ca\/parc-tauli\/#primaryimage"},"image":{"@id":"https:\/\/aridditive.com\/ca\/parc-tauli\/#primaryimage"},"thumbnailUrl":"https:\/\/aridditive.com\/wp-content\/uploads\/2026\/03\/IMG-20251113-WA0009-1536x1152.jpg","datePublished":"2026-03-19T11:06:10+00:00","description":"Impressi\u00f3 3D per a arquitectes: dissenya sense l\u00edmits, redueix costos i crea materials sostenibles amb la nostra tecnologia.","breadcrumb":{"@id":"https:\/\/aridditive.com\/ca\/parc-tauli\/#breadcrumb"},"inLanguage":"ca","potentialAction":[{"@type":"ReadAction","target":["https:\/\/aridditive.com\/ca\/parc-tauli\/"]}]},{"@type":"ImageObject","inLanguage":"ca","@id":"https:\/\/aridditive.com\/ca\/parc-tauli\/#primaryimage","url":"https:\/\/aridditive.com\/wp-content\/uploads\/2026\/03\/IMG-20251113-WA0009-1536x1152.jpg","contentUrl":"https:\/\/aridditive.com\/wp-content\/uploads\/2026\/03\/IMG-20251113-WA0009-1536x1152.jpg"},{"@type":"BreadcrumbList","@id":"https:\/\/aridditive.com\/ca\/parc-tauli\/#breadcrumb","itemListElement":[{"@type":"ListItem","position":1,"name":"Portada","item":"https:\/\/aridditive.com\/ca\/home\/"},{"@type":"ListItem","position":2,"name":"Parc Taul\u00ed"}]},{"@type":"WebSite","@id":"https:\/\/aridditive.com\/ca\/#website","url":"https:\/\/aridditive.com\/ca\/","name":"Aridditive","description":"","publisher":{"@id":"https:\/\/aridditive.com\/ca\/#organization"},"potentialAction":[{"@type":"SearchAction","target":{"@type":"EntryPoint","urlTemplate":"https:\/\/aridditive.com\/ca\/?s={search_term_string}"},"query-input":{"@type":"PropertyValueSpecification","valueRequired":true,"valueName":"search_term_string"}}],"inLanguage":"ca"},{"@type":"Organization","@id":"https:\/\/aridditive.com\/ca\/#organization","name":"Aridditive","url":"https:\/\/aridditive.com\/ca\/","logo":{"@type":"ImageObject","inLanguage":"ca","@id":"https:\/\/aridditive.com\/ca\/#\/schema\/logo\/image\/","url":"https:\/\/aridditive.com\/wp-content\/uploads\/2025\/03\/Logo_Aridditive_PNG.png","contentUrl":"https:\/\/aridditive.com\/wp-content\/uploads\/2025\/03\/Logo_Aridditive_PNG.png","width":572,"height":217,"caption":"Aridditive"},"image":{"@id":"https:\/\/aridditive.com\/ca\/#\/schema\/logo\/image\/"}}]}},"_links":{"self":[{"href":"https:\/\/aridditive.com\/ca\/wp-json\/wp\/v2\/pages\/2082","targetHints":{"allow":["GET"]}}],"collection":[{"href":"https:\/\/aridditive.com\/ca\/wp-json\/wp\/v2\/pages"}],"about":[{"href":"https:\/\/aridditive.com\/ca\/wp-json\/wp\/v2\/types\/page"}],"author":[{"embeddable":true,"href":"https:\/\/aridditive.com\/ca\/wp-json\/wp\/v2\/users\/3"}],"replies":[{"embeddable":true,"href":"https:\/\/aridditive.com\/ca\/wp-json\/wp\/v2\/comments?post=2082"}],"version-history":[{"count":0,"href":"https:\/\/aridditive.com\/ca\/wp-json\/wp\/v2\/pages\/2082\/revisions"}],"wp:attachment":[{"href":"https:\/\/aridditive.com\/ca\/wp-json\/wp\/v2\/media?parent=2082"}],"curies":[{"name":"wp","href":"https:\/\/api.w.org\/{rel}","templated":true}]}}