{"id":2087,"date":"2025-03-24T15:00:47","date_gmt":"2025-03-24T15:00:47","guid":{"rendered":"https:\/\/aridditive.com\/politica-de-cookies\/"},"modified":"2025-03-24T15:00:47","modified_gmt":"2025-03-24T15:00:47","slug":"politica-de-cookies","status":"publish","type":"page","link":"https:\/\/aridditive.com\/ca\/politica-de-cookies\/","title":{"rendered":"Pol\u00edtica de cookies"},"content":{"rendered":"\t\t<div data-elementor-type=\"wp-page\" data-elementor-id=\"2087\" class=\"elementor elementor-2087\" data-elementor-post-type=\"page\">\n\t\t\t\t<div class=\"elementor-element elementor-element-a0b70a4 e-flex e-con-boxed e-con e-parent\" data-id=\"a0b70a4\" data-element_type=\"container\" data-e-type=\"container\">\n\t\t\t\t\t<div class=\"e-con-inner\">\n\t\t\t\t<div class=\"elementor-element elementor-element-5a2e3eb elementor-widget elementor-widget-heading\" data-id=\"5a2e3eb\" data-element_type=\"widget\" data-e-type=\"widget\" data-widget_type=\"heading.default\">\n\t\t\t\t<div class=\"elementor-widget-container\">\n\t\t\t\t\t<h2 class=\"elementor-heading-title elementor-size-default\">Pol\u00edtica de Cookies<\/h2>\t\t\t\t<\/div>\n\t\t\t\t<\/div>\n\t\t\t\t\t<\/div>\n\t\t\t\t<\/div>\n\t\t<div class=\"elementor-element elementor-element-d1333c5 e-flex e-con-boxed e-con e-parent\" data-id=\"d1333c5\" data-element_type=\"container\" data-e-type=\"container\">\n\t\t\t\t\t<div class=\"e-con-inner\">\n\t\t\t\t<div class=\"elementor-element elementor-element-a74391a elementor-widget elementor-widget-text-editor\" data-id=\"a74391a\" data-element_type=\"widget\" data-e-type=\"widget\" data-widget_type=\"text-editor.default\">\n\t\t\t\t<div class=\"elementor-widget-container\">\n\t\t\t\t\t\t\t\t\t<h2 class=\"wp-block-heading titol1\">Informaci\u00f3n sobre cookies<\/h2><p>De acuerdo con la Ley 34\/2002, de 11 de julio, de servicios de la sociedad de la informaci\u00f3n y de comercio electr\u00f3nico (LSSI), en relaci\u00f3n con el Reglamento (UE) 2016\/679 del Parlamento Europeo y de Consejo, de 27 de abril de 2016, General de Protecci\u00f3n de Datos (GDPR), de la Ley Org\u00e1nica y Garant\u00eda de los Derechos Digitales (LOPDGDD), es obligado obtener el consentimiento expreso del usuario de todas las p\u00e1ginas web que utilizan cookies prescindibles, antes de que \u00e9ste navegue por ellas.<\/p><h2 class=\"wp-block-heading\">\u00bfQu\u00e9 son las cookies?<\/h2><p>Las\u00a0<em>cookies\u00a0<\/em>y otras tecnolog\u00edas similares como local shared objects, flash <em>cookies\u00a0<\/em>o p\u00edxeles, son herramientas utilizadas por los servidores Web para almacenar y recuperar informaci\u00f3n sobre sus visitantes, as\u00ed como para ofrecer un correcto funcionamiento del sitio.<\/p><p>Mediante el uso de estos dispositivos se permite al servidor Web recordar algunos datos referentes al usuario, como sus preferencias para la visualizaci\u00f3n de las p\u00e1ginas de ese servidor, nombre y contrase\u00f1a, productos que m\u00e1s le interesan, etc.<\/p><h2 class=\"wp-block-heading\">Cookies afectadas por la normativa y cookies exceptuadas<\/h2><p>Seg\u00fan la directiva de la UE, las\u00a0<em>cookies<\/em>\u00a0que requieren el consentimiento informado por parte del usuario son las\u00a0<em>cookies<\/em>\u00a0anal\u00edticas y las de publicidad y afiliaci\u00f3n, quedando exceptuadas las de car\u00e1cter t\u00e9cnico y las necesarias para el funcionamiento del sitio web o la prestaci\u00f3n de servicios expresamente solicitados por el usuario.<\/p><h2 class=\"wp-block-heading\">Tipo de cookies<\/h2><h3 class=\"wp-block-heading\">Seg\u00fan la finalidad<\/h3><p><strong><em>Cookies<\/em>\u00a0t\u00e9cnicas y funcionales:<\/strong>\u00a0son las que permiten al usuario navegar a trav\u00e9s de una p\u00e1gina web, plataforma o aplicaci\u00f3n y utilizar las diferentes opciones o servicios existentes<em>.<\/em><\/p><p><img width=\"3\" height=\"3\" \/><strong><em>Cookies<\/em>\u00a0de an\u00e1lisis:<\/strong>\u00a0son las que permiten al responsable de estas monitorizar y analizar el comportamiento de los usuarios de los sitios web a los que est\u00e1n vinculados. La informaci\u00f3n recogida mediante este tipo de\u00a0<em>cookies<\/em> se utiliza en la medici\u00f3n de la actividad de los sitios web, aplicaci\u00f3n o plataforma y para elaborar perfiles de navegaci\u00f3n de los usuarios de estos sitios, aplicaciones y plataformas, para introducir mejoras en funci\u00f3n del an\u00e1lisis de los datos de uso que realizan los usuarios del servicio.<\/p><p><img width=\"3\" height=\"4\" \/><strong><em>Cookies<\/em><\/strong>\u00a0<strong>publicitarias:<\/strong> son aquellas que permiten gestionar, de la forma m\u00e1s eficaz posible, los espacios publicitarios que, en su caso, el editor haya incluido en una p\u00e1gina web, aplicaci\u00f3n o plataforma desde la que presta el servicio solicitado seg\u00fan criterios como el contenido editado o la frecuencia en la que se muestran los anuncios.<\/p><p><img width=\"3\" height=\"4\" \/><strong><em>Cookies\u00a0<\/em>de publicidad comportamental:<\/strong>\u00a0recogen informaci\u00f3n sobre las preferencias y elecciones personales del usuario (<em>retargeting<\/em>) para permitir gestionar, de la forma m\u00e1s eficaz posible, los espacios publicitarios que, en su caso, el editor haya incluido en una p\u00e1gina web, aplicaci\u00f3n o plataforma desde la que presta el servicio solicitado.<\/p><p><img width=\"3\" height=\"4\" \/><strong><em>Cookies\u00a0<\/em>sociales:<\/strong> son aquellas que han sido instaladas por las plataformas de redes sociales en los servicios para permitirle compartir contenido con sus amigos y redes. Las plataformas de medios sociales tienen la capacidad de rastrear su actividad online fuera de los Servicios. Esto puede afectar al contenido y mensajes que ve en otros servicios que visite.<\/p><p><img width=\"3\" height=\"3\" \/><strong><em>Cookies\u00a0<\/em>de afiliados:<\/strong>\u00a0permiten realizar un seguimiento de las visitas procedentes de otras webs, con las que el sitio web establece un contrato de afiliaci\u00f3n (empresas de afiliaci\u00f3n).<\/p><p><img width=\"3\" height=\"4\" \/><strong><em>Cookies\u00a0<\/em>de seguridad:<\/strong>\u00a0almacenan informaci\u00f3n cifrada para evitar que los datos que se guardan sean vulnerables a ataques maliciosos de terceros.<\/p><h3 class=\"wp-block-heading\">Seg\u00fan la propiedad<\/h3><p><strong><em>Cookies<\/em>\u00a0propias:<\/strong>\u00a0son las que se env\u00edan al equipo terminal del usuario desde un equipo o dominio gestionado por el propio editor y desde el que se proporciona el servicio solicitado por el usuario.<\/p><p><strong><em>Cookies\u00a0<\/em>de terceros:<\/strong>son las que se env\u00edan al equipo terminal del usuario desde un equipo o dominio que no es gestionado por el editor, sino por otra entidad que trata los datos obtenidos mediante las cookies.<\/p><h3 class=\"wp-block-heading\">Seg\u00fan el plazo de conservaci\u00f3n<\/h3><p><strong><em>Cookies<\/em><\/strong>\u00a0<strong>de sesi\u00f3n:<\/strong>\u00a0son un tipo de\u00a0<em>cookies\u00a0<\/em>dise\u00f1adas para obtener y almacenar datos mientras el usuario accede a una p\u00e1gina web.<\/p><p><img width=\"3\" height=\"3\" \/><strong><em>Cookies<\/em>\u00a0persistentes:<\/strong>\u00a0son un tipo de cookies en las que los datos siguen almacenados en el terminal y pueden ser accedidos y tratados durante un per\u00edodo definido por el responsable de la\u00a0<em>cookie<\/em>, y que durar desde unos minutos a varios a\u00f1os.<\/p>\t\t\t\t\t\t\t\t<\/div>\n\t\t\t\t<\/div>\n\t\t\t\t<div class=\"elementor-element elementor-element-fefa73c elementor-widget elementor-widget-html\" data-id=\"fefa73c\" data-element_type=\"widget\" data-e-type=\"widget\" data-widget_type=\"html.default\">\n\t\t\t\t<div class=\"elementor-widget-container\">\n\t\t\t\t\t<div class= \"cky-audit-table-element\"><\/div>\t\t\t\t<\/div>\n\t\t\t\t<\/div>\n\t\t\t\t\t<\/div>\n\t\t\t\t<\/div>\n\t\t\t\t<\/div>\n\t\t","protected":false},"excerpt":{"rendered":"<p>Pol\u00edtica de Cookies Informaci\u00f3 sobre cookies D&#8217;acord amb la Llei 34\/2002, d&#8217;11 de juliol, de serveis de la societat de la informaci\u00f3 i de comer\u00e7 electr\u00f2nic (LSSI), en relaci\u00f3 amb el Reglament (UE) 2016\/679 del Parlament Europeu i de Consell, de 27 d&#8217;abril de 2016, General de Protecci\u00f3 de Dades (GDPR), de la Llei Org\u00e0nica [&hellip;]<\/p>\n","protected":false},"author":1,"featured_media":0,"parent":0,"menu_order":0,"comment_status":"closed","ping_status":"closed","template":"elementor_header_footer","meta":{"footnotes":""},"class_list":["post-2087","page","type-page","status-publish","hentry"],"yoast_head":"<!-- This site is optimized with the Yoast SEO plugin v27.3 - https:\/\/yoast.com\/product\/yoast-seo-wordpress\/ -->\n<title>Pol\u00edtica de cookies - Aridditive<\/title>\n<meta name=\"robots\" content=\"index, follow, max-snippet:-1, max-image-preview:large, max-video-preview:-1\" \/>\n<link rel=\"canonical\" href=\"https:\/\/aridditive.com\/ca\/politica-de-cookies\/\" \/>\n<meta property=\"og:locale\" content=\"ca_ES\" \/>\n<meta property=\"og:type\" content=\"article\" \/>\n<meta property=\"og:title\" content=\"Pol\u00edtica de cookies - Aridditive\" \/>\n<meta property=\"og:description\" content=\"Pol\u00edtica de Cookies Informaci\u00f3 sobre cookies D&#8217;acord amb la Llei 34\/2002, d&#8217;11 de juliol, de serveis de la societat de la informaci\u00f3 i de comer\u00e7 electr\u00f2nic (LSSI), en relaci\u00f3 amb el Reglament (UE) 2016\/679 del Parlament Europeu i de Consell, de 27 d&#8217;abril de 2016, General de Protecci\u00f3 de Dades (GDPR), de la Llei Org\u00e0nica [&hellip;]\" \/>\n<meta property=\"og:url\" content=\"https:\/\/aridditive.com\/ca\/politica-de-cookies\/\" \/>\n<meta property=\"og:site_name\" content=\"Aridditive\" \/>\n<meta name=\"twitter:card\" content=\"summary_large_image\" \/>\n<meta name=\"twitter:label1\" content=\"Temps estimat de lectura\" \/>\n\t<meta name=\"twitter:data1\" content=\"4 minuts\" \/>\n<script type=\"application\/ld+json\" class=\"yoast-schema-graph\">{\"@context\":\"https:\\\/\\\/schema.org\",\"@graph\":[{\"@type\":\"WebPage\",\"@id\":\"https:\\\/\\\/aridditive.com\\\/ca\\\/politica-de-cookies\\\/\",\"url\":\"https:\\\/\\\/aridditive.com\\\/ca\\\/politica-de-cookies\\\/\",\"name\":\"Pol\u00edtica de cookies - Aridditive\",\"isPartOf\":{\"@id\":\"https:\\\/\\\/aridditive.com\\\/ca\\\/#website\"},\"datePublished\":\"2025-03-24T15:00:47+00:00\",\"breadcrumb\":{\"@id\":\"https:\\\/\\\/aridditive.com\\\/ca\\\/politica-de-cookies\\\/#breadcrumb\"},\"inLanguage\":\"ca\",\"potentialAction\":[{\"@type\":\"ReadAction\",\"target\":[\"https:\\\/\\\/aridditive.com\\\/ca\\\/politica-de-cookies\\\/\"]}]},{\"@type\":\"BreadcrumbList\",\"@id\":\"https:\\\/\\\/aridditive.com\\\/ca\\\/politica-de-cookies\\\/#breadcrumb\",\"itemListElement\":[{\"@type\":\"ListItem\",\"position\":1,\"name\":\"Portada\",\"item\":\"https:\\\/\\\/aridditive.com\\\/ca\\\/home\\\/\"},{\"@type\":\"ListItem\",\"position\":2,\"name\":\"Pol\u00edtica de cookies\"}]},{\"@type\":\"WebSite\",\"@id\":\"https:\\\/\\\/aridditive.com\\\/ca\\\/#website\",\"url\":\"https:\\\/\\\/aridditive.com\\\/ca\\\/\",\"name\":\"Aridditive\",\"description\":\"\",\"publisher\":{\"@id\":\"https:\\\/\\\/aridditive.com\\\/ca\\\/#organization\"},\"potentialAction\":[{\"@type\":\"SearchAction\",\"target\":{\"@type\":\"EntryPoint\",\"urlTemplate\":\"https:\\\/\\\/aridditive.com\\\/ca\\\/?s={search_term_string}\"},\"query-input\":{\"@type\":\"PropertyValueSpecification\",\"valueRequired\":true,\"valueName\":\"search_term_string\"}}],\"inLanguage\":\"ca\"},{\"@type\":\"Organization\",\"@id\":\"https:\\\/\\\/aridditive.com\\\/ca\\\/#organization\",\"name\":\"Aridditive\",\"url\":\"https:\\\/\\\/aridditive.com\\\/ca\\\/\",\"logo\":{\"@type\":\"ImageObject\",\"inLanguage\":\"ca\",\"@id\":\"https:\\\/\\\/aridditive.com\\\/ca\\\/#\\\/schema\\\/logo\\\/image\\\/\",\"url\":\"https:\\\/\\\/aridditive.com\\\/wp-content\\\/uploads\\\/2025\\\/03\\\/Logo_Aridditive_PNG.png\",\"contentUrl\":\"https:\\\/\\\/aridditive.com\\\/wp-content\\\/uploads\\\/2025\\\/03\\\/Logo_Aridditive_PNG.png\",\"width\":572,\"height\":217,\"caption\":\"Aridditive\"},\"image\":{\"@id\":\"https:\\\/\\\/aridditive.com\\\/ca\\\/#\\\/schema\\\/logo\\\/image\\\/\"}}]}<\/script>\n<!-- \/ Yoast SEO plugin. -->","yoast_head_json":{"title":"Pol\u00edtica de cookies - Aridditive","robots":{"index":"index","follow":"follow","max-snippet":"max-snippet:-1","max-image-preview":"max-image-preview:large","max-video-preview":"max-video-preview:-1"},"canonical":"https:\/\/aridditive.com\/ca\/politica-de-cookies\/","og_locale":"ca_ES","og_type":"article","og_title":"Pol\u00edtica de cookies - Aridditive","og_description":"Pol\u00edtica de Cookies Informaci\u00f3 sobre cookies D&#8217;acord amb la Llei 34\/2002, d&#8217;11 de juliol, de serveis de la societat de la informaci\u00f3 i de comer\u00e7 electr\u00f2nic (LSSI), en relaci\u00f3 amb el Reglament (UE) 2016\/679 del Parlament Europeu i de Consell, de 27 d&#8217;abril de 2016, General de Protecci\u00f3 de Dades (GDPR), de la Llei Org\u00e0nica [&hellip;]","og_url":"https:\/\/aridditive.com\/ca\/politica-de-cookies\/","og_site_name":"Aridditive","twitter_card":"summary_large_image","twitter_misc":{"Temps estimat de lectura":"4 minuts"},"schema":{"@context":"https:\/\/schema.org","@graph":[{"@type":"WebPage","@id":"https:\/\/aridditive.com\/ca\/politica-de-cookies\/","url":"https:\/\/aridditive.com\/ca\/politica-de-cookies\/","name":"Pol\u00edtica de cookies - Aridditive","isPartOf":{"@id":"https:\/\/aridditive.com\/ca\/#website"},"datePublished":"2025-03-24T15:00:47+00:00","breadcrumb":{"@id":"https:\/\/aridditive.com\/ca\/politica-de-cookies\/#breadcrumb"},"inLanguage":"ca","potentialAction":[{"@type":"ReadAction","target":["https:\/\/aridditive.com\/ca\/politica-de-cookies\/"]}]},{"@type":"BreadcrumbList","@id":"https:\/\/aridditive.com\/ca\/politica-de-cookies\/#breadcrumb","itemListElement":[{"@type":"ListItem","position":1,"name":"Portada","item":"https:\/\/aridditive.com\/ca\/home\/"},{"@type":"ListItem","position":2,"name":"Pol\u00edtica de cookies"}]},{"@type":"WebSite","@id":"https:\/\/aridditive.com\/ca\/#website","url":"https:\/\/aridditive.com\/ca\/","name":"Aridditive","description":"","publisher":{"@id":"https:\/\/aridditive.com\/ca\/#organization"},"potentialAction":[{"@type":"SearchAction","target":{"@type":"EntryPoint","urlTemplate":"https:\/\/aridditive.com\/ca\/?s={search_term_string}"},"query-input":{"@type":"PropertyValueSpecification","valueRequired":true,"valueName":"search_term_string"}}],"inLanguage":"ca"},{"@type":"Organization","@id":"https:\/\/aridditive.com\/ca\/#organization","name":"Aridditive","url":"https:\/\/aridditive.com\/ca\/","logo":{"@type":"ImageObject","inLanguage":"ca","@id":"https:\/\/aridditive.com\/ca\/#\/schema\/logo\/image\/","url":"https:\/\/aridditive.com\/wp-content\/uploads\/2025\/03\/Logo_Aridditive_PNG.png","contentUrl":"https:\/\/aridditive.com\/wp-content\/uploads\/2025\/03\/Logo_Aridditive_PNG.png","width":572,"height":217,"caption":"Aridditive"},"image":{"@id":"https:\/\/aridditive.com\/ca\/#\/schema\/logo\/image\/"}}]}},"_links":{"self":[{"href":"https:\/\/aridditive.com\/ca\/wp-json\/wp\/v2\/pages\/2087","targetHints":{"allow":["GET"]}}],"collection":[{"href":"https:\/\/aridditive.com\/ca\/wp-json\/wp\/v2\/pages"}],"about":[{"href":"https:\/\/aridditive.com\/ca\/wp-json\/wp\/v2\/types\/page"}],"author":[{"embeddable":true,"href":"https:\/\/aridditive.com\/ca\/wp-json\/wp\/v2\/users\/1"}],"replies":[{"embeddable":true,"href":"https:\/\/aridditive.com\/ca\/wp-json\/wp\/v2\/comments?post=2087"}],"version-history":[{"count":0,"href":"https:\/\/aridditive.com\/ca\/wp-json\/wp\/v2\/pages\/2087\/revisions"}],"wp:attachment":[{"href":"https:\/\/aridditive.com\/ca\/wp-json\/wp\/v2\/media?parent=2087"}],"curies":[{"name":"wp","href":"https:\/\/api.w.org\/{rel}","templated":true}]}}