{"id":2090,"date":"2025-03-24T15:00:30","date_gmt":"2025-03-24T15:00:30","guid":{"rendered":"https:\/\/aridditive.com\/privacy-policy\/"},"modified":"2025-03-24T15:00:30","modified_gmt":"2025-03-24T15:00:30","slug":"privacy-policy","status":"publish","type":"page","link":"https:\/\/aridditive.com\/en\/privacy-policy\/","title":{"rendered":"Privacy Policy"},"content":{"rendered":"\t\t<div data-elementor-type=\"wp-page\" data-elementor-id=\"2090\" class=\"elementor elementor-2090\" data-elementor-post-type=\"page\">\n\t\t\t\t<div class=\"elementor-element elementor-element-04fff0e e-flex e-con-boxed e-con e-parent\" data-id=\"04fff0e\" data-element_type=\"container\" data-e-type=\"container\">\n\t\t\t\t\t<div class=\"e-con-inner\">\n\t\t\t\t<div class=\"elementor-element elementor-element-ac3d72f elementor-widget elementor-widget-heading\" data-id=\"ac3d72f\" data-element_type=\"widget\" data-e-type=\"widget\" data-widget_type=\"heading.default\">\n\t\t\t\t<div class=\"elementor-widget-container\">\n\t\t\t\t\t<h2 class=\"elementor-heading-title elementor-size-default\">Pol\u00edtica de Privacidad<\/h2>\t\t\t\t<\/div>\n\t\t\t\t<\/div>\n\t\t\t\t\t<\/div>\n\t\t\t\t<\/div>\n\t\t<div class=\"elementor-element elementor-element-d78e631 e-flex e-con-boxed e-con e-parent\" data-id=\"d78e631\" data-element_type=\"container\" data-e-type=\"container\">\n\t\t\t\t\t<div class=\"e-con-inner\">\n\t\t\t\t<div class=\"elementor-element elementor-element-c3aa857 elementor-widget elementor-widget-text-editor\" data-id=\"c3aa857\" data-element_type=\"widget\" data-e-type=\"widget\" data-widget_type=\"text-editor.default\">\n\t\t\t\t<div class=\"elementor-widget-container\">\n\t\t\t\t\t\t\t\t\t<h2 class=\"wp-block-heading titol1\">1. Informaci\u00f3n al usuario<\/h2>\n<h3 class=\"wp-block-heading\">\u00bfQui\u00e9n es el responsable del tratamiento de tus datos personales?<\/h3>\n<p>Roger Uceda Molera es el RESPONSABLE del tratamiento de los datos personales del USUARIO y le informa que estos datos se tratar\u00e1n de conformidad con lo establecido en el Reglamento (UE) 2016\/679, de 27 de abril (GDPR), y en la Ley Org\u00e1nica 3\/2018, de 5 de diciembre (LOPDG).<\/p>\n<h3 class=\"wp-block-heading\">\u00bfPara qu\u00e9 tratamos tus datos personales y por qu\u00e9 lo hacemos?<\/h3>\n<p>Seg\u00fan el formulario donde hayamos obtenido sus datos personales, los trataremos de manera confidencial para alcanzar las siguientes finalidades:<\/p>\n<p>En el formulario&nbsp;<strong>Contacto<\/strong><\/p>\n<ul class=\"wp-block-list\">\n<li>Dar respuesta a las consultas o cualquier tipo de petici\u00f3n que realice el usuario a trav\u00e9s de cualquiera de las formas de contacto que se ponen a su disposici\u00f3n en la p\u00e1gina web del responsable.<br>(por el inter\u00e9s leg\u00edtimo del responsable, art. 6.1.f GDPR)<\/li>\n<li>Enviar comunicaciones comerciales publicitarias por e-mail, fax, SMS, MMS, redes sociales o cualquier otro medio electr\u00f3nico o f\u00edsico, presente o futuro, que permita efectuar comunicaciones comerciales. Estas comunicaciones deben realizarse por medio del responsable y est\u00e1n relacionadas con sus productos y servicios, o con sus colaboradores o proveedores, con los que haya llegado a alg\u00fan acuerdo de promoci\u00f3n. En este caso, los terceros nunca tendr\u00e1n acceso a los datos personales. (por el consentimiento del interesado, 6.1.a GDPR)<\/li>\n<li>Efectuar an\u00e1lisis estad\u00edsticos y estudios de mercado. (por el inter\u00e9s leg\u00edtimo del responsable, art. 6.1.f GDPR)<\/li>\n<\/ul>\n<h3 class=\"wp-block-heading\">\u00bfDurante cu\u00e1nto tiempo guardaremos tus datos personales?<\/h3>\n<p>Se conservar\u00e1n durante no m\u00e1s tiempo del necesario para mantener la finalidad del tratamiento o mientras existan prescripciones legales que dictaminen su custodia y cuando ya no sea necesario por este motivo, se suprimir\u00e1n con medidas de seguridad adecuadas para garantizar que los datos sean anonimizados o totalmente destruidos.<\/p>\n<h3 class=\"wp-block-heading\">\u00bfA qui\u00e9n facilitamos sus datos personales?<\/h3>\n<p>No se prev\u00e9 ninguna comunicaci\u00f3n de datos personales a terceros excepto si fuera necesario para el desarrollo y ejecuci\u00f3n de los fines del tratamiento, a nuestros proveedores de servicios relacionados con comunicaciones, con los que el RESPONSABLE ha formalizado los contratos de confidencialidad y encargado de tratamiento exigidos por la normativa vigente de privacidad.<\/p>\n<h3 class=\"wp-block-heading\">\u00bfCu\u00e1les son tus derechos?<\/h3>\n<p>Los derechos que tiene el USUARIO son:<\/p>\n<ul class=\"wp-block-list\">\n<li>Derecho a retirar su consentimiento en cualquier momento.<\/li>\n<li>Derecho de acceso, rectificaci\u00f3n, portabilidad y supresi\u00f3n de sus datos, y de limitaci\u00f3n u oposici\u00f3n a su tratamiento.<\/li>\n<li>Derecho a presentar reclamaci\u00f3n ante la autoridad de control (www.aepd.es) si considera que el tratamiento no se ajusta a la normativa vigente.<\/li>\n<\/ul>\n<h3 class=\"wp-block-heading\">Datos de contacto para ejercer sus derechos:<\/h3>\n<p><strong>Raz\u00f3n Social:<\/strong> Roger Uceda Molera<\/p>\n<p><strong>NIF:<\/strong> 52916317X<\/p>\n<p><span style=\"color: inherit; font-size: 32px; font-weight: 600;\">2. Car\u00e1cter obligatorio o facultativo de la informaci\u00f3n facilitada por el usuario<\/span><\/p>\n<p>Los USUARIOS, por medio de las casillas correspondientes y la introducci\u00f3n de datos en los campos, marcados con el asterisco (*) en el formulario de contacto o presentados en formularios de descarga, aceptan expresamente y de forma libre e inequ\u00edvoca, que sus datos son necesarios para atender su petici\u00f3n, por parte del prestamista, y que, por tanto, la inclusi\u00f3n de los campos. El USUARIO garantiza que los datos personales facilitados al RESPONSABLE son ver\u00eddicos y se hace responsable de comunicar cualquier modificaci\u00f3n.<\/p>\n<p>El RESPONSABLE informa que todos los datos solicitados a trav\u00e9s del sitio web son obligatorios, puesto que son necesarios para la prestaci\u00f3n de un servicio \u00f3ptimo al USUARIO. En caso de que no se faciliten todos los datos, no se garantiza que la informaci\u00f3n y servicios facilitados se ajusten completamente a sus necesidades.<\/p>\n<h2 class=\"wp-block-heading\">3. Medidas de seguridad<\/h2>\n<p>Que, de conformidad con lo establecido en las normativas vigentes en protecci\u00f3n de datos personales, el RESPONSABLE est\u00e1 cumpliendo con todas las disposiciones de las normativas GDPR y LOPDGDD para el tratamiento de los datos personales de su responsabilidad, y manifiestamente con los principios descritos en el art\u00edculo 5 del GDPR, por los que se tratan de forma l\u00edcita, leal y leal, a lo necesario en relaci\u00f3n con las finalidades para las que se tratan.<\/p>\n<p>El RESPONSABLE garantiza que ha implementado pol\u00edticas t\u00e9cnicas y organizativas apropiadas para aplicar las medidas de seguridad que establecen el GDPR y la LOPDGDD, con el fin de proteger los derechos y libertades de los USUARIOS y les ha comunicado la informaci\u00f3n adecuada para que puedan ejercerlos. Para m\u00e1s informaci\u00f3n sobre las garant\u00edas de privacidad, puedes dirigirte a RESPONSABLE a trav\u00e9s de genismorerafisioterapia@gmail.com.<\/p>\t\t\t\t\t\t\t\t<\/div>\n\t\t\t\t<\/div>\n\t\t\t\t\t<\/div>\n\t\t\t\t<\/div>\n\t\t\t\t<\/div>\n\t\t","protected":false},"excerpt":{"rendered":"<p>Privacy Policy User information Who is responsible for the processing of your personal data? Roger Uceda Molera is the RESPONSIBLE for the processing of personal data of the USER and informs you that these data will be treated in accordance with the provisions of Regulation (EU) 2016\/679 of 27 April (GDPR) and the Organic Law [&hellip;]<\/p>\n","protected":false},"author":1,"featured_media":0,"parent":0,"menu_order":0,"comment_status":"closed","ping_status":"closed","template":"elementor_header_footer","meta":{"footnotes":""},"class_list":["post-2090","page","type-page","status-publish","hentry"],"yoast_head":"<!-- This site is optimized with the Yoast SEO plugin v27.4 - https:\/\/yoast.com\/product\/yoast-seo-wordpress\/ -->\n<title>Privacy Policy - Aridditive<\/title>\n<meta name=\"robots\" content=\"index, follow, max-snippet:-1, max-image-preview:large, max-video-preview:-1\" \/>\n<link rel=\"canonical\" href=\"https:\/\/aridditive.com\/en\/privacy-policy\/\" \/>\n<meta property=\"og:locale\" content=\"en_US\" \/>\n<meta property=\"og:type\" content=\"article\" \/>\n<meta property=\"og:title\" content=\"Privacy Policy - Aridditive\" \/>\n<meta property=\"og:description\" content=\"Privacy Policy User information Who is responsible for the processing of your personal data? Roger Uceda Molera is the RESPONSIBLE for the processing of personal data of the USER and informs you that these data will be treated in accordance with the provisions of Regulation (EU) 2016\/679 of 27 April (GDPR) and the Organic Law [&hellip;]\" \/>\n<meta property=\"og:url\" content=\"https:\/\/aridditive.com\/en\/privacy-policy\/\" \/>\n<meta property=\"og:site_name\" content=\"Aridditive\" \/>\n<meta name=\"twitter:card\" content=\"summary_large_image\" \/>\n<meta name=\"twitter:label1\" content=\"Est. reading time\" \/>\n\t<meta name=\"twitter:data1\" content=\"4 minutes\" \/>\n<script type=\"application\/ld+json\" class=\"yoast-schema-graph\">{\"@context\":\"https:\\\/\\\/schema.org\",\"@graph\":[{\"@type\":\"WebPage\",\"@id\":\"https:\\\/\\\/aridditive.com\\\/en\\\/privacy-policy\\\/\",\"url\":\"https:\\\/\\\/aridditive.com\\\/en\\\/privacy-policy\\\/\",\"name\":\"Privacy Policy - Aridditive\",\"isPartOf\":{\"@id\":\"https:\\\/\\\/aridditive.com\\\/en\\\/#website\"},\"datePublished\":\"2025-03-24T15:00:30+00:00\",\"breadcrumb\":{\"@id\":\"https:\\\/\\\/aridditive.com\\\/en\\\/privacy-policy\\\/#breadcrumb\"},\"inLanguage\":\"en-US\",\"potentialAction\":[{\"@type\":\"ReadAction\",\"target\":[\"https:\\\/\\\/aridditive.com\\\/en\\\/privacy-policy\\\/\"]}]},{\"@type\":\"BreadcrumbList\",\"@id\":\"https:\\\/\\\/aridditive.com\\\/en\\\/privacy-policy\\\/#breadcrumb\",\"itemListElement\":[{\"@type\":\"ListItem\",\"position\":1,\"name\":\"Portada\",\"item\":\"https:\\\/\\\/aridditive.com\\\/en\\\/home\\\/\"},{\"@type\":\"ListItem\",\"position\":2,\"name\":\"Privacy Policy\"}]},{\"@type\":\"WebSite\",\"@id\":\"https:\\\/\\\/aridditive.com\\\/en\\\/#website\",\"url\":\"https:\\\/\\\/aridditive.com\\\/en\\\/\",\"name\":\"Aridditive\",\"description\":\"\",\"publisher\":{\"@id\":\"https:\\\/\\\/aridditive.com\\\/en\\\/#organization\"},\"potentialAction\":[{\"@type\":\"SearchAction\",\"target\":{\"@type\":\"EntryPoint\",\"urlTemplate\":\"https:\\\/\\\/aridditive.com\\\/en\\\/?s={search_term_string}\"},\"query-input\":{\"@type\":\"PropertyValueSpecification\",\"valueRequired\":true,\"valueName\":\"search_term_string\"}}],\"inLanguage\":\"en-US\"},{\"@type\":\"Organization\",\"@id\":\"https:\\\/\\\/aridditive.com\\\/en\\\/#organization\",\"name\":\"Aridditive\",\"url\":\"https:\\\/\\\/aridditive.com\\\/en\\\/\",\"logo\":{\"@type\":\"ImageObject\",\"inLanguage\":\"en-US\",\"@id\":\"https:\\\/\\\/aridditive.com\\\/en\\\/#\\\/schema\\\/logo\\\/image\\\/\",\"url\":\"https:\\\/\\\/aridditive.com\\\/wp-content\\\/uploads\\\/2025\\\/03\\\/Logo_Aridditive_PNG.png\",\"contentUrl\":\"https:\\\/\\\/aridditive.com\\\/wp-content\\\/uploads\\\/2025\\\/03\\\/Logo_Aridditive_PNG.png\",\"width\":572,\"height\":217,\"caption\":\"Aridditive\"},\"image\":{\"@id\":\"https:\\\/\\\/aridditive.com\\\/en\\\/#\\\/schema\\\/logo\\\/image\\\/\"}}]}<\/script>\n<!-- \/ Yoast SEO plugin. -->","yoast_head_json":{"title":"Privacy Policy - Aridditive","robots":{"index":"index","follow":"follow","max-snippet":"max-snippet:-1","max-image-preview":"max-image-preview:large","max-video-preview":"max-video-preview:-1"},"canonical":"https:\/\/aridditive.com\/en\/privacy-policy\/","og_locale":"en_US","og_type":"article","og_title":"Privacy Policy - Aridditive","og_description":"Privacy Policy User information Who is responsible for the processing of your personal data? Roger Uceda Molera is the RESPONSIBLE for the processing of personal data of the USER and informs you that these data will be treated in accordance with the provisions of Regulation (EU) 2016\/679 of 27 April (GDPR) and the Organic Law [&hellip;]","og_url":"https:\/\/aridditive.com\/en\/privacy-policy\/","og_site_name":"Aridditive","twitter_card":"summary_large_image","twitter_misc":{"Est. reading time":"4 minutes"},"schema":{"@context":"https:\/\/schema.org","@graph":[{"@type":"WebPage","@id":"https:\/\/aridditive.com\/en\/privacy-policy\/","url":"https:\/\/aridditive.com\/en\/privacy-policy\/","name":"Privacy Policy - Aridditive","isPartOf":{"@id":"https:\/\/aridditive.com\/en\/#website"},"datePublished":"2025-03-24T15:00:30+00:00","breadcrumb":{"@id":"https:\/\/aridditive.com\/en\/privacy-policy\/#breadcrumb"},"inLanguage":"en-US","potentialAction":[{"@type":"ReadAction","target":["https:\/\/aridditive.com\/en\/privacy-policy\/"]}]},{"@type":"BreadcrumbList","@id":"https:\/\/aridditive.com\/en\/privacy-policy\/#breadcrumb","itemListElement":[{"@type":"ListItem","position":1,"name":"Portada","item":"https:\/\/aridditive.com\/en\/home\/"},{"@type":"ListItem","position":2,"name":"Privacy Policy"}]},{"@type":"WebSite","@id":"https:\/\/aridditive.com\/en\/#website","url":"https:\/\/aridditive.com\/en\/","name":"Aridditive","description":"","publisher":{"@id":"https:\/\/aridditive.com\/en\/#organization"},"potentialAction":[{"@type":"SearchAction","target":{"@type":"EntryPoint","urlTemplate":"https:\/\/aridditive.com\/en\/?s={search_term_string}"},"query-input":{"@type":"PropertyValueSpecification","valueRequired":true,"valueName":"search_term_string"}}],"inLanguage":"en-US"},{"@type":"Organization","@id":"https:\/\/aridditive.com\/en\/#organization","name":"Aridditive","url":"https:\/\/aridditive.com\/en\/","logo":{"@type":"ImageObject","inLanguage":"en-US","@id":"https:\/\/aridditive.com\/en\/#\/schema\/logo\/image\/","url":"https:\/\/aridditive.com\/wp-content\/uploads\/2025\/03\/Logo_Aridditive_PNG.png","contentUrl":"https:\/\/aridditive.com\/wp-content\/uploads\/2025\/03\/Logo_Aridditive_PNG.png","width":572,"height":217,"caption":"Aridditive"},"image":{"@id":"https:\/\/aridditive.com\/en\/#\/schema\/logo\/image\/"}}]}},"_links":{"self":[{"href":"https:\/\/aridditive.com\/en\/wp-json\/wp\/v2\/pages\/2090","targetHints":{"allow":["GET"]}}],"collection":[{"href":"https:\/\/aridditive.com\/en\/wp-json\/wp\/v2\/pages"}],"about":[{"href":"https:\/\/aridditive.com\/en\/wp-json\/wp\/v2\/types\/page"}],"author":[{"embeddable":true,"href":"https:\/\/aridditive.com\/en\/wp-json\/wp\/v2\/users\/1"}],"replies":[{"embeddable":true,"href":"https:\/\/aridditive.com\/en\/wp-json\/wp\/v2\/comments?post=2090"}],"version-history":[{"count":0,"href":"https:\/\/aridditive.com\/en\/wp-json\/wp\/v2\/pages\/2090\/revisions"}],"wp:attachment":[{"href":"https:\/\/aridditive.com\/en\/wp-json\/wp\/v2\/media?parent=2090"}],"curies":[{"name":"wp","href":"https:\/\/api.w.org\/{rel}","templated":true}]}}