{"id":2093,"date":"2025-03-24T15:00:09","date_gmt":"2025-03-24T15:00:09","guid":{"rendered":"https:\/\/aridditive.com\/legal-notice\/"},"modified":"2025-03-24T15:00:09","modified_gmt":"2025-03-24T15:00:09","slug":"legal-notice","status":"publish","type":"page","link":"https:\/\/aridditive.com\/en\/legal-notice\/","title":{"rendered":"Legal Notice"},"content":{"rendered":"\t\t<div data-elementor-type=\"wp-page\" data-elementor-id=\"2093\" class=\"elementor elementor-2093\" data-elementor-post-type=\"page\">\n\t\t\t\t<div class=\"elementor-element elementor-element-81050c0 e-flex e-con-boxed e-con e-parent\" data-id=\"81050c0\" data-element_type=\"container\" data-e-type=\"container\">\n\t\t\t\t\t<div class=\"e-con-inner\">\n\t\t\t\t<div class=\"elementor-element elementor-element-de2e191 elementor-widget elementor-widget-heading\" data-id=\"de2e191\" data-element_type=\"widget\" data-e-type=\"widget\" data-widget_type=\"heading.default\">\n\t\t\t\t<div class=\"elementor-widget-container\">\n\t\t\t\t\t<h2 class=\"elementor-heading-title elementor-size-default\">Aviso legal<\/h2>\t\t\t\t<\/div>\n\t\t\t\t<\/div>\n\t\t\t\t\t<\/div>\n\t\t\t\t<\/div>\n\t\t<div class=\"elementor-element elementor-element-85a3622 e-flex e-con-boxed e-con e-parent\" data-id=\"85a3622\" data-element_type=\"container\" data-e-type=\"container\">\n\t\t\t\t\t<div class=\"e-con-inner\">\n\t\t\t\t<div class=\"elementor-element elementor-element-7791c8e elementor-widget elementor-widget-text-editor\" data-id=\"7791c8e\" data-element_type=\"widget\" data-e-type=\"widget\" data-widget_type=\"text-editor.default\">\n\t\t\t\t<div class=\"elementor-widget-container\">\n\t\t\t\t\t\t\t\t\t<div data-id=\"0406258\" data-element_type=\"widget\" data-widget_type=\"theme-post-title.default\">\n<p><span style=\"font-size: 16px;\">En cumplimiento de la Ley 34\/2002, de 11 de julio, de Servicios de la Sociedad de la Informaci\u00f3n y de Comercio Electr\u00f3nico (LSSI-CE), Gen\u00eds Morera Amen\u00f3s informa que es titular del sitio web. De acuerdo con la exigencia del art\u00edculo 10 de la citada Ley, Gen\u00eds Morera Amen\u00f3s informa de los siguientes datos:<\/span><\/p>\n<\/div>\n<div data-id=\"5817a62\" data-element_type=\"widget\" data-widget_type=\"theme-post-content.default\">\n<p><strong>Raz\u00f3n Social:<\/strong> Roger Uceda Molera<\/p>\n<p><strong>NIF:<\/strong> 52916317X<\/p>\n<h2>Usuario y r\u00e9gimen de responsabilidades<\/h2>\n<p>La navegaci\u00f3n, acceso y uso por el sitio web de Roger Uceda Molera confiere la condici\u00f3n de usuario.<\/p>\n<p>El sitio web de Roger Uceda Molera proporciona una gran diversidad de informaci\u00f3n, servicios y datos. El usuario asume la responsabilidad en el correcto uso del sitio web. Esta responsabilidad se extender\u00e1 a:<\/p>\n<p>La veracidad y licitud de las informaciones aportadas por el usuario a los formularios extendidos por Roger Uceda Molera para el acceso a ciertos contenidos o servicios ofrecidos por la web. El uso de la informaci\u00f3n, servicios y datos ofrecidos por Roger Uceda Molera contrariamente a lo dispuesto en estas condiciones, la Ley, la moral, las buenas costumbres o el orden p\u00fablico, o que de cualquier otra forma puedan suponer lesi\u00f3n de los derechos de terceros o del propio funcionamiento del sitio web.<\/p>\n<h2>Pol\u00edtica de enlaces y exenciones de responsabilidad<\/h2>\n<p>Roger Uceda Molera no se hace responsable del contenido de los sitios web a los que el usuario pueda acceder a trav\u00e9s de los enlaces establecidos en su sitio web, siempre que no tenga conocimiento efectivo de que la actividad o la informaci\u00f3n a la que remite o recomienda es il\u00edcita o que lesiona bienes o derechos de un tercero susceptibles de indemnizaci\u00f3n, o, en caso de tenerlo correspondiente.<\/p>\n<p>Se entender\u00e1 que Roger Uceda Molera tiene el conocimiento efectivo a que se refiere el p\u00e1rrafo anterior cuando un \u00f3rgano competente haya declarado la ilicitud de los datos, ordenado su retirada o que se imposibilite su acceso, o se hubiera declarado la existencia de la lesi\u00f3n, y Roger Uceda Molera conociera la correspondiente resoluci\u00f3n de procedimiento y aplique la correspondiente resoluci\u00f3n de procedimiento establecer.<\/p>\n<p>Roger Uceda Molera declara haber adoptado todas las medidas necesarias para evitar cualquier da\u00f1o a los usuarios de su sitio web, que pudieran derivarse de la navegaci\u00f3n por su sitio web o legalidad de sitios ajenos a su propiedad a la que se pueda acceder mediante los enlaces.<\/p>\n<h2>Modificaciones<\/h2>\n<p>Roger Uceda Molera se reserva la facultad de efectuar, en cualquier momento y sin necesidad de previo aviso, modificaciones y actualizaciones de la informaci\u00f3n contenida en su sitio web o en la configuraci\u00f3n y presentaci\u00f3n de la misma. A fin de mantener actualizada la informaci\u00f3n publicada, los contenidos del mismo podr\u00e1n ser modificados, corregidos, eliminados o a\u00f1adidos en cualquier momento, por cualquier forma admisible en derecho.<\/p>\n<h2>Indicaci\u00f3n de precios<\/h2>\n<p>En caso de que se muestren precios de productos y\/o servicios, los indicados en pantalla ser\u00e1n los vigentes en cada momento. Los precios ser\u00e1n indicados en euros y tendr\u00e1n incorporado el impuesto sobre el valor a\u00f1adido (IVA).<\/p>\n<p>Asimismo, si fuera aplicable cualquier otro impuesto, as\u00ed se indicar\u00eda, incluyendo, en su caso, el importe de los incrementos o descuentos que resulten de aplicaci\u00f3n a la oferta y los gastos adicionales que puedan repercutir al consumidor o usuario.<\/p>\n<h2>Propiedad intelectual e industrial<\/h2>\n<p>Roger Uceda Molera por s\u00ed misma o como cesionaria, es titular de todos los derechos de propiedad intelectual e industrial de su p\u00e1gina web, as\u00ed como de los elementos contenidos en la misma (a t\u00edtulo enunciativo, im\u00e1genes, sonido, audio, v\u00eddeo, software o textos; marcas o logotipos, combinaciones de colores, estructura y dise\u00f1o, selecci\u00f3n de materiales usados, programas de ordenador necesarios). Ser\u00e1n, por tanto, obras protegidas como propiedad intelectual por el ordenamiento jur\u00eddico espa\u00f1ol, y les ser\u00e1n de aplicaci\u00f3n tanto la normativa espa\u00f1ola y comunitaria en este campo, como los tratados internacionales relativos a la materia y suscritos por Espa\u00f1a.<\/p>\n<p>Todos los derechos reservados. En virtud de lo dispuesto en la Ley de propiedad intelectual, quedan expresamente prohibidas la reproducci\u00f3n, distribuci\u00f3n y comunicaci\u00f3n p\u00fablica, incluida su modalidad de puesta a disposici\u00f3n, de la totalidad o parte de los contenidos de esta p\u00e1gina web, con fines comerciales, en cualquier soporte y por cualquier medio t\u00e9cnico, sin la autorizaci\u00f3n de Roger Uceda Molera.<\/p>\n<p>El usuario se compromete a respetar los derechos de propiedad intelectual e industrial titularidad de Roger Uceda Molera. Podr\u00e1 visualizar los elementos del portal e incluso imprimirlos, copiarlos y almacenarlos en el disco duro de su ordenador o en cualquier otro soporte f\u00edsico siempre que sea, \u00fanica y exclusivamente, para su uso personal y privado. El usuario deber\u00e1 abstenerse de suprimir, alterar, eludir o manipular cualquier dispositivo de protecci\u00f3n o sistema de seguridad que est\u00e9 instalado en las p\u00e1ginas de Roger Uceda Molera.<\/p>\n<h2>Certificado SSL (secure sockets layer)<\/h2>\n<p>El CERTIFICADO SSL proporciona autenticaci\u00f3n, privacidad y seguridad de la informaci\u00f3n entre Roger Uceda Molera y el usuario.<\/p>\n<p>Roger Uceda Molera dispone de un certificado de seguridad que utiliza CERTIFICADO SSL para realizar conexiones seguras.<\/p>\n<p>En este proceso se establecen varios par\u00e1metros para realizar la conexi\u00f3n de forma segura y se establece usando claves preestablecidas, codificando y decodificando todos los datos enviados hasta que la conexi\u00f3n sea cerrada.<\/p>\n<h2>Acciones legales, legislaci\u00f3n aplicable y jurisdicci\u00f3n<\/h2>\n<p>Si el usuario quiere presentar una reclamaci\u00f3n, p\u00f3ngase en contacto con el correo electr\u00f3nico info@aridditive.com.<\/p>\n<p>Roger Uceda Molera se reserva la facultad de presentar las acciones civiles o penales que considere oportunas por la utilizaci\u00f3n indebida del sitio web y contenidos, o por el incumplimiento de las presentes condiciones.<\/p>\n<p>La relaci\u00f3n entre el usuario y el prestamista se regir\u00e1 por la normativa vigente y aplicable al territorio espa\u00f1ol. Si surge cualquier controversia las partes podr\u00e1n someter sus conflictos a arbitraje o acudir a ellos.<\/p>\n<\/div>\t\t\t\t\t\t\t\t<\/div>\n\t\t\t\t<\/div>\n\t\t\t\t\t<\/div>\n\t\t\t\t<\/div>\n\t\t\t\t<\/div>\n\t\t","protected":false},"excerpt":{"rendered":"<p>Legal Notice In compliance with Law 34\/2002, of July 11, 2002, of Information Society Services and Electronic Commerce (LSSI-CE), Gen\u00eds Morera Amen\u00f3s informs that it is the owner of the website. In accordance with the requirement of article 10 of the aforementioned Law, Gen\u00eds Morera Amen\u00f3s informs of the following data: Company Name: Roger Uceda [&hellip;]<\/p>\n","protected":false},"author":1,"featured_media":0,"parent":0,"menu_order":0,"comment_status":"closed","ping_status":"closed","template":"elementor_header_footer","meta":{"footnotes":""},"class_list":["post-2093","page","type-page","status-publish","hentry"],"yoast_head":"<!-- This site is optimized with the Yoast SEO plugin v27.3 - https:\/\/yoast.com\/product\/yoast-seo-wordpress\/ -->\n<title>Legal Notice - Aridditive<\/title>\n<meta name=\"robots\" content=\"index, follow, max-snippet:-1, max-image-preview:large, max-video-preview:-1\" \/>\n<link rel=\"canonical\" href=\"https:\/\/aridditive.com\/en\/legal-notice\/\" \/>\n<meta property=\"og:locale\" content=\"en_US\" \/>\n<meta property=\"og:type\" content=\"article\" \/>\n<meta property=\"og:title\" content=\"Legal Notice - Aridditive\" \/>\n<meta property=\"og:description\" content=\"Legal Notice In compliance with Law 34\/2002, of July 11, 2002, of Information Society Services and Electronic Commerce (LSSI-CE), Gen\u00eds Morera Amen\u00f3s informs that it is the owner of the website. In accordance with the requirement of article 10 of the aforementioned Law, Gen\u00eds Morera Amen\u00f3s informs of the following data: Company Name: Roger Uceda [&hellip;]\" \/>\n<meta property=\"og:url\" content=\"https:\/\/aridditive.com\/en\/legal-notice\/\" \/>\n<meta property=\"og:site_name\" content=\"Aridditive\" \/>\n<meta name=\"twitter:card\" content=\"summary_large_image\" \/>\n<meta name=\"twitter:label1\" content=\"Est. reading time\" \/>\n\t<meta name=\"twitter:data1\" content=\"4 minutes\" \/>\n<script type=\"application\/ld+json\" class=\"yoast-schema-graph\">{\"@context\":\"https:\\\/\\\/schema.org\",\"@graph\":[{\"@type\":\"WebPage\",\"@id\":\"https:\\\/\\\/aridditive.com\\\/en\\\/legal-notice\\\/\",\"url\":\"https:\\\/\\\/aridditive.com\\\/en\\\/legal-notice\\\/\",\"name\":\"Legal Notice - Aridditive\",\"isPartOf\":{\"@id\":\"https:\\\/\\\/aridditive.com\\\/en\\\/#website\"},\"datePublished\":\"2025-03-24T15:00:09+00:00\",\"breadcrumb\":{\"@id\":\"https:\\\/\\\/aridditive.com\\\/en\\\/legal-notice\\\/#breadcrumb\"},\"inLanguage\":\"en-US\",\"potentialAction\":[{\"@type\":\"ReadAction\",\"target\":[\"https:\\\/\\\/aridditive.com\\\/en\\\/legal-notice\\\/\"]}]},{\"@type\":\"BreadcrumbList\",\"@id\":\"https:\\\/\\\/aridditive.com\\\/en\\\/legal-notice\\\/#breadcrumb\",\"itemListElement\":[{\"@type\":\"ListItem\",\"position\":1,\"name\":\"Portada\",\"item\":\"https:\\\/\\\/aridditive.com\\\/en\\\/home\\\/\"},{\"@type\":\"ListItem\",\"position\":2,\"name\":\"Legal Notice\"}]},{\"@type\":\"WebSite\",\"@id\":\"https:\\\/\\\/aridditive.com\\\/en\\\/#website\",\"url\":\"https:\\\/\\\/aridditive.com\\\/en\\\/\",\"name\":\"Aridditive\",\"description\":\"\",\"publisher\":{\"@id\":\"https:\\\/\\\/aridditive.com\\\/en\\\/#organization\"},\"potentialAction\":[{\"@type\":\"SearchAction\",\"target\":{\"@type\":\"EntryPoint\",\"urlTemplate\":\"https:\\\/\\\/aridditive.com\\\/en\\\/?s={search_term_string}\"},\"query-input\":{\"@type\":\"PropertyValueSpecification\",\"valueRequired\":true,\"valueName\":\"search_term_string\"}}],\"inLanguage\":\"en-US\"},{\"@type\":\"Organization\",\"@id\":\"https:\\\/\\\/aridditive.com\\\/en\\\/#organization\",\"name\":\"Aridditive\",\"url\":\"https:\\\/\\\/aridditive.com\\\/en\\\/\",\"logo\":{\"@type\":\"ImageObject\",\"inLanguage\":\"en-US\",\"@id\":\"https:\\\/\\\/aridditive.com\\\/en\\\/#\\\/schema\\\/logo\\\/image\\\/\",\"url\":\"https:\\\/\\\/aridditive.com\\\/wp-content\\\/uploads\\\/2025\\\/03\\\/Logo_Aridditive_PNG.png\",\"contentUrl\":\"https:\\\/\\\/aridditive.com\\\/wp-content\\\/uploads\\\/2025\\\/03\\\/Logo_Aridditive_PNG.png\",\"width\":572,\"height\":217,\"caption\":\"Aridditive\"},\"image\":{\"@id\":\"https:\\\/\\\/aridditive.com\\\/en\\\/#\\\/schema\\\/logo\\\/image\\\/\"}}]}<\/script>\n<!-- \/ Yoast SEO plugin. -->","yoast_head_json":{"title":"Legal Notice - Aridditive","robots":{"index":"index","follow":"follow","max-snippet":"max-snippet:-1","max-image-preview":"max-image-preview:large","max-video-preview":"max-video-preview:-1"},"canonical":"https:\/\/aridditive.com\/en\/legal-notice\/","og_locale":"en_US","og_type":"article","og_title":"Legal Notice - Aridditive","og_description":"Legal Notice In compliance with Law 34\/2002, of July 11, 2002, of Information Society Services and Electronic Commerce (LSSI-CE), Gen\u00eds Morera Amen\u00f3s informs that it is the owner of the website. In accordance with the requirement of article 10 of the aforementioned Law, Gen\u00eds Morera Amen\u00f3s informs of the following data: Company Name: Roger Uceda [&hellip;]","og_url":"https:\/\/aridditive.com\/en\/legal-notice\/","og_site_name":"Aridditive","twitter_card":"summary_large_image","twitter_misc":{"Est. reading time":"4 minutes"},"schema":{"@context":"https:\/\/schema.org","@graph":[{"@type":"WebPage","@id":"https:\/\/aridditive.com\/en\/legal-notice\/","url":"https:\/\/aridditive.com\/en\/legal-notice\/","name":"Legal Notice - Aridditive","isPartOf":{"@id":"https:\/\/aridditive.com\/en\/#website"},"datePublished":"2025-03-24T15:00:09+00:00","breadcrumb":{"@id":"https:\/\/aridditive.com\/en\/legal-notice\/#breadcrumb"},"inLanguage":"en-US","potentialAction":[{"@type":"ReadAction","target":["https:\/\/aridditive.com\/en\/legal-notice\/"]}]},{"@type":"BreadcrumbList","@id":"https:\/\/aridditive.com\/en\/legal-notice\/#breadcrumb","itemListElement":[{"@type":"ListItem","position":1,"name":"Portada","item":"https:\/\/aridditive.com\/en\/home\/"},{"@type":"ListItem","position":2,"name":"Legal Notice"}]},{"@type":"WebSite","@id":"https:\/\/aridditive.com\/en\/#website","url":"https:\/\/aridditive.com\/en\/","name":"Aridditive","description":"","publisher":{"@id":"https:\/\/aridditive.com\/en\/#organization"},"potentialAction":[{"@type":"SearchAction","target":{"@type":"EntryPoint","urlTemplate":"https:\/\/aridditive.com\/en\/?s={search_term_string}"},"query-input":{"@type":"PropertyValueSpecification","valueRequired":true,"valueName":"search_term_string"}}],"inLanguage":"en-US"},{"@type":"Organization","@id":"https:\/\/aridditive.com\/en\/#organization","name":"Aridditive","url":"https:\/\/aridditive.com\/en\/","logo":{"@type":"ImageObject","inLanguage":"en-US","@id":"https:\/\/aridditive.com\/en\/#\/schema\/logo\/image\/","url":"https:\/\/aridditive.com\/wp-content\/uploads\/2025\/03\/Logo_Aridditive_PNG.png","contentUrl":"https:\/\/aridditive.com\/wp-content\/uploads\/2025\/03\/Logo_Aridditive_PNG.png","width":572,"height":217,"caption":"Aridditive"},"image":{"@id":"https:\/\/aridditive.com\/en\/#\/schema\/logo\/image\/"}}]}},"_links":{"self":[{"href":"https:\/\/aridditive.com\/en\/wp-json\/wp\/v2\/pages\/2093","targetHints":{"allow":["GET"]}}],"collection":[{"href":"https:\/\/aridditive.com\/en\/wp-json\/wp\/v2\/pages"}],"about":[{"href":"https:\/\/aridditive.com\/en\/wp-json\/wp\/v2\/types\/page"}],"author":[{"embeddable":true,"href":"https:\/\/aridditive.com\/en\/wp-json\/wp\/v2\/users\/1"}],"replies":[{"embeddable":true,"href":"https:\/\/aridditive.com\/en\/wp-json\/wp\/v2\/comments?post=2093"}],"version-history":[{"count":0,"href":"https:\/\/aridditive.com\/en\/wp-json\/wp\/v2\/pages\/2093\/revisions"}],"wp:attachment":[{"href":"https:\/\/aridditive.com\/en\/wp-json\/wp\/v2\/media?parent=2093"}],"curies":[{"name":"wp","href":"https:\/\/api.w.org\/{rel}","templated":true}]}}